{"id":3431,"date":"2023-07-25T14:51:19","date_gmt":"2023-07-25T12:51:19","guid":{"rendered":"https:\/\/carlostejo.com\/bio\/"},"modified":"2025-10-02T13:08:45","modified_gmt":"2025-10-02T11:08:45","slug":"bio","status":"publish","type":"page","link":"https:\/\/carlostejo.com\/es\/bio\/","title":{"rendered":"Bio"},"content":{"rendered":"<div id='av_section_1'  class='avia-section av-av_section-7af9a1a620ce4f39c9b9e05e20762bd9 main_color avia-section-default avia-no-border-styling  avia-builder-el-0  avia-builder-el-no-sibling  avia-bg-style-scroll container_wrap fullsize'  ><div class='container av-section-cont-open' ><main  role=\"main\" itemprop=\"mainContentOfPage\"  class='template-page content  av-content-full alpha units'><div class='post-entry post-entry-type-page post-entry-3431'><div class='entry-content-wrapper clearfix'>\n\n<style type=\"text\/css\" data-created_by=\"avia_inline_auto\" id=\"style-css-av-av_hr-5d676c9ed7be3a08936c51c97e75c1ab\">\n#top .hr.hr-invisible.av-av_hr-5d676c9ed7be3a08936c51c97e75c1ab{\nheight:100px;\n}\n<\/style>\n<div  class='hr av-av_hr-5d676c9ed7be3a08936c51c97e75c1ab hr-invisible  avia-builder-el-1  el_before_av_three_fifth  avia-builder-el-first '><span class='hr-inner '><span class=\"hr-inner-style\"><\/span><\/span><\/div>\n<div  class='flex_column av-av_three_fifth-048119fdb636ea3d70edc0b975509c6c av_three_fifth  avia-builder-el-2  el_after_av_hr  el_before_av_two_fifth  first flex_column_div  '     ><p><section  class='av_textblock_section av-luqs2ekh-7f3fb83dcb31ab556630535bd52a9249 '   itemscope=\"itemscope\" itemtype=\"https:\/\/schema.org\/CreativeWork\" ><div class='avia_textblock'  itemprop=\"text\" ><p>Carlos Tejo comienza su trayectoria art\u00edstica en el a\u00f1o 1991, coincidiendo con su licenciatura en Bellas Artes por la Facultad Polit\u00e9cnica de Valencia. Cuatro a\u00f1os m\u00e1s tarde recibe su primera beca importante y decide trasladarse a La Habana donde consigue permanecer casi un a\u00f1o. La experiencia en Cuba transforma su pr\u00e1ctica art\u00edstica pasando de un hacer relacionado con la pintura abstracta a un inter\u00e9s mucho m\u00e1s narrativo y cercano a la figuraci\u00f3n. El cuerpo y la intimidad se convierten en aspectos centrales de su discurso combinando la pintura con un inter\u00e9s creciente por la fotograf\u00eda. En este tr\u00e1nsito, lo procesual tuvo un protagonismo cardinal frente a la resoluci\u00f3n formal del objeto como producto final. Tem\u00e1ticas como el tiempo, lo ef\u00edmero y otras cuestiones de \u00edndole m\u00e1s pol\u00edtico y social comienzan a aparecer de modo recurrente. A finales de 1997, su trabajo se centra en el medio fotogr\u00e1fico y el video entendidos como herramientas de proyectos abiertos. En los a\u00f1os siguientes es beneficiario de becas y ayudas que le llevan a residir en ciudades como S\u00e3o Paulo, Varsovia, Par\u00eds o Colonia. Entre 2000 y 2002 vive a caballo entre EE.UU. y Espa\u00f1a. Ser\u00e1 en la ciudad de Seattle donde tiene la oportunidad de ampliar sus conocimientos en el campo fotogr\u00e1fico y donde comienza a manifestar un marcado inter\u00e9s por lo performativo. Su pr\u00e1ctica art\u00edstica a partir de 2006 est\u00e1 centrada en la performance donde -sin abandonar medios como la fotograf\u00eda o el video- permanece en la actualidad.<\/p>\n<p><a href=\"mailto:carlos.tejo.veloso@gmail.com\">carlos.tejo.veloso@gmail.com<\/a><\/p>\n<\/div><\/section><br \/>\n\n<style type=\"text\/css\" data-created_by=\"avia_inline_auto\" id=\"style-css-av-av_hr-50edc9949d927eab467680f201044eec\">\n#top .hr.hr-invisible.av-av_hr-50edc9949d927eab467680f201044eec{\nheight:25px;\n}\n<\/style>\n<div  class='hr av-av_hr-50edc9949d927eab467680f201044eec hr-invisible  avia-builder-el-4  el_after_av_textblock  el_before_av_button '><span class='hr-inner '><span class=\"hr-inner-style\"><\/span><\/span><\/div><br \/>\n<div  class='avia-button-wrap av-lt5orltc-3bdfe5aeac1f11a833fe54d3a63dafcd-wrap avia-button-right  avia-builder-el-5  el_after_av_hr  avia-builder-el-last '><a href='https:\/\/carlostejo.com\/wp-content\/uploads\/2025\/10\/CV_COMPLETO_ESP.pdf' class='avia-button av-lt5orltc-3bdfe5aeac1f11a833fe54d3a63dafcd avia-icon_select-no avia-size-medium avia-position-right avia-color-grey' target=\"_blank\" rel=\"noopener noreferrer\"><span class='avia_iconbox_title' >Descargar C.V.<\/span><\/a><\/div><\/p><\/div><div  class='flex_column av-av_two_fifth-feecfcc73494c68bb0d1632d1d5c38ae av_two_fifth  avia-builder-el-6  el_after_av_three_fifth  avia-builder-el-last  flex_column_div  '     ><style type=\"text\/css\" data-created_by=\"avia_inline_auto\" id=\"style-css-av-luqs3jyh-54a73724d58b302e267f32851d4ea4b9\">\n.avia-image-container.av-luqs3jyh-54a73724d58b302e267f32851d4ea4b9 img.avia_image{\nbox-shadow:none;\n}\n.avia-image-container.av-luqs3jyh-54a73724d58b302e267f32851d4ea4b9 .av-image-caption-overlay-center{\ncolor:#ffffff;\n}\n<\/style>\n<div  class='avia-image-container av-luqs3jyh-54a73724d58b302e267f32851d4ea4b9 av-styling- avia-align-left  avia-builder-el-7  avia-builder-el-no-sibling '   itemprop=\"image\" itemscope=\"itemscope\" itemtype=\"https:\/\/schema.org\/ImageObject\" ><div class=\"avia-image-container-inner\"><div class=\"avia-image-overlay-wrap\"><img decoding=\"async\" class='wp-image-6295 avia-img-lazy-loading-not-6295 avia_image ' src=\"https:\/\/carlostejo.com\/wp-content\/uploads\/2024\/04\/Carlos_Tejo-190x300.jpg\" alt='' title='Carlos_Tejo'  height=\"300\" width=\"190\"  itemprop=\"thumbnailUrl\" srcset=\"https:\/\/carlostejo.com\/wp-content\/uploads\/2024\/04\/Carlos_Tejo-190x300.jpg 190w, https:\/\/carlostejo.com\/wp-content\/uploads\/2024\/04\/Carlos_Tejo.jpg 378w\" sizes=\"(max-width: 190px) 100vw, 190px\" \/><\/div><\/div><\/div><\/div>\n","protected":false},"excerpt":{"rendered":"","protected":false},"author":1,"featured_media":0,"parent":0,"menu_order":0,"comment_status":"closed","ping_status":"closed","template":"","meta":{"footnotes":""},"class_list":["post-3431","page","type-page","status-publish","hentry"],"_links":{"self":[{"href":"https:\/\/carlostejo.com\/es\/wp-json\/wp\/v2\/pages\/3431","targetHints":{"allow":["GET"]}}],"collection":[{"href":"https:\/\/carlostejo.com\/es\/wp-json\/wp\/v2\/pages"}],"about":[{"href":"https:\/\/carlostejo.com\/es\/wp-json\/wp\/v2\/types\/page"}],"author":[{"embeddable":true,"href":"https:\/\/carlostejo.com\/es\/wp-json\/wp\/v2\/users\/1"}],"replies":[{"embeddable":true,"href":"https:\/\/carlostejo.com\/es\/wp-json\/wp\/v2\/comments?post=3431"}],"version-history":[{"count":15,"href":"https:\/\/carlostejo.com\/es\/wp-json\/wp\/v2\/pages\/3431\/revisions"}],"predecessor-version":[{"id":8240,"href":"https:\/\/carlostejo.com\/es\/wp-json\/wp\/v2\/pages\/3431\/revisions\/8240"}],"wp:attachment":[{"href":"https:\/\/carlostejo.com\/es\/wp-json\/wp\/v2\/media?parent=3431"}],"curies":[{"name":"wp","href":"https:\/\/api.w.org\/{rel}","templated":true}]}}