{"id":3428,"date":"2023-07-25T14:51:19","date_gmt":"2023-07-25T12:51:19","guid":{"rendered":"https:\/\/carlostejo.com\/bio\/"},"modified":"2025-10-02T13:09:42","modified_gmt":"2025-10-02T11:09:42","slug":"bio","status":"publish","type":"page","link":"https:\/\/carlostejo.com\/gl\/bio\/","title":{"rendered":"Bio"},"content":{"rendered":"<div id='av_section_1'  class='avia-section av-av_section-7af9a1a620ce4f39c9b9e05e20762bd9 main_color avia-section-default avia-no-border-styling  avia-builder-el-0  avia-builder-el-no-sibling  avia-bg-style-scroll container_wrap fullsize'  ><div class='container av-section-cont-open' ><main  role=\"main\" itemprop=\"mainContentOfPage\"  class='template-page content  av-content-full alpha units'><div class='post-entry post-entry-type-page post-entry-3428'><div class='entry-content-wrapper clearfix'>\n\n<style type=\"text\/css\" data-created_by=\"avia_inline_auto\" id=\"style-css-av-av_hr-5d676c9ed7be3a08936c51c97e75c1ab\">\n#top .hr.hr-invisible.av-av_hr-5d676c9ed7be3a08936c51c97e75c1ab{\nheight:100px;\n}\n<\/style>\n<div  class='hr av-av_hr-5d676c9ed7be3a08936c51c97e75c1ab hr-invisible  avia-builder-el-1  el_before_av_three_fifth  avia-builder-el-first '><span class='hr-inner '><span class=\"hr-inner-style\"><\/span><\/span><\/div>\n<div  class='flex_column av-av_three_fifth-048119fdb636ea3d70edc0b975509c6c av_three_fifth  avia-builder-el-2  el_after_av_hr  el_before_av_two_fifth  first flex_column_div  '     ><p><section  class='av_textblock_section av-luqrwotj-51caa12a9e1495dd4741afc8fffad861 '   itemscope=\"itemscope\" itemtype=\"https:\/\/schema.org\/CreativeWork\" ><div class='avia_textblock'  itemprop=\"text\" ><p>Carlos Tejo comeza a s\u00faa traxectoria art\u00edstica no ano 1991, coincidindo coa s\u00faa licenciatura en Belas Artes pola Facultade Polit\u00e9cnica de Valencia. Catro anos m\u00e1is tarde, recibe a s\u00faa primeira bolsa importante e decide trasladarse a La Habana onde consegue permanecer case un ano. A experiencia en Cuba transforma a s\u00faa pr\u00e1ctica art\u00edstica, pasando dun facer relacionado coa pintura abstracta a un interese moito m\u00e1is narrativo e mais perto da figuraci\u00f3n. O corpo e a intimidade conv\u00e9rtense en aspectos centrais do seu discurso, combinando a pintura cun interese crecente pola fotograf\u00eda. Neste tr\u00e1nsito, o procesual tivo un protagonismo cardinal fronte \u00e1 resoluci\u00f3n formal do obxecto como produto final. Tem\u00e1ticas como o tempo, o ef\u00e9mero e outras cuesti\u00f3ns de \u00edndole m\u00e1is pol\u00edtica e social comezan a aparecer de modo recorrente. A finais de 1997, o seu traballo c\u00e9ntrase no medio fotogr\u00e1fico e o v\u00eddeo entendidos como ferramentas de proxectos abertos. Nos anos seguintes, \u00e9 beneficiario de bolsas e axudas que o levan a residir en cidades como S\u00e3o Paulo, Varsovia, Par\u00eds ou Colonia. Entre 2000 e 2002 vive a cabalo entre os EE.UU. e Espa\u00f1a. Ser\u00e1 na cidade de Seattle onde ten a oportunidade de ampliar os seus co\u00f1ecementos no campo fotogr\u00e1fico e onde comeza a manifestar un marcado interese polo performativo. A s\u00faa pr\u00e1ctica art\u00edstica a partir de 2006 est\u00e1 centrada na performance onde, sen abandonar medios como a fotograf\u00eda ou o v\u00eddeo, permanece na actualidade.<\/p>\n<p><a href=\"mailto:carlos.tejo.veloso@gmail.com\">carlos.tejo.veloso@gmail.com<\/a><\/p>\n<\/div><\/section><br \/>\n\n<style type=\"text\/css\" data-created_by=\"avia_inline_auto\" id=\"style-css-av-lt5osx94-c39af3fb32571e96ac0985cf08c065fe\">\n#top .hr.hr-invisible.av-lt5osx94-c39af3fb32571e96ac0985cf08c065fe{\nheight:25px;\n}\n<\/style>\n<div  class='hr av-lt5osx94-c39af3fb32571e96ac0985cf08c065fe hr-invisible  avia-builder-el-4  el_after_av_textblock  el_before_av_button '><span class='hr-inner '><span class=\"hr-inner-style\"><\/span><\/span><\/div><br \/>\n<div  class='avia-button-wrap av-lt5orltc-9af4f914c7d677e51f90a35aacfda49f-wrap avia-button-right  avia-builder-el-5  el_after_av_hr  avia-builder-el-last '><a href='https:\/\/carlostejo.com\/wp-content\/uploads\/2025\/10\/CV_COMPLETO_GL-1.pdf' class='avia-button av-lt5orltc-9af4f914c7d677e51f90a35aacfda49f avia-icon_select-no avia-size-medium avia-position-right avia-color-grey' target=\"_blank\" rel=\"noopener noreferrer\"><span class='avia_iconbox_title' >Descargar C.V.<\/span><\/a><\/div><\/p><\/div><div  class='flex_column av-av_two_fifth-feecfcc73494c68bb0d1632d1d5c38ae av_two_fifth  avia-builder-el-6  el_after_av_three_fifth  avia-builder-el-last  flex_column_div  '     ><style type=\"text\/css\" data-created_by=\"avia_inline_auto\" id=\"style-css-av-luqrxpn4-3411f3152e39a42ac894cccab4fa3690\">\n.avia-image-container.av-luqrxpn4-3411f3152e39a42ac894cccab4fa3690 img.avia_image{\nbox-shadow:none;\n}\n.avia-image-container.av-luqrxpn4-3411f3152e39a42ac894cccab4fa3690 .av-image-caption-overlay-center{\ncolor:#ffffff;\n}\n<\/style>\n<div  class='avia-image-container av-luqrxpn4-3411f3152e39a42ac894cccab4fa3690 av-styling- avia-align-left  avia-builder-el-7  avia-builder-el-no-sibling '   itemprop=\"image\" itemscope=\"itemscope\" itemtype=\"https:\/\/schema.org\/ImageObject\" ><div class=\"avia-image-container-inner\"><div class=\"avia-image-overlay-wrap\"><img decoding=\"async\" class='wp-image-6294 avia-img-lazy-loading-not-6294 avia_image ' src=\"https:\/\/carlostejo.com\/wp-content\/uploads\/2024\/04\/Carlos_Tejo-190x300.jpg\" alt='' title='Carlos_Tejo'  height=\"300\" width=\"190\"  itemprop=\"thumbnailUrl\" srcset=\"https:\/\/carlostejo.com\/wp-content\/uploads\/2024\/04\/Carlos_Tejo-190x300.jpg 190w, https:\/\/carlostejo.com\/wp-content\/uploads\/2024\/04\/Carlos_Tejo.jpg 378w\" sizes=\"(max-width: 190px) 100vw, 190px\" \/><\/div><\/div><\/div><\/div>\n","protected":false},"excerpt":{"rendered":"","protected":false},"author":1,"featured_media":0,"parent":0,"menu_order":0,"comment_status":"closed","ping_status":"closed","template":"","meta":{"footnotes":""},"class_list":["post-3428","page","type-page","status-publish","hentry"],"_links":{"self":[{"href":"https:\/\/carlostejo.com\/gl\/wp-json\/wp\/v2\/pages\/3428","targetHints":{"allow":["GET"]}}],"collection":[{"href":"https:\/\/carlostejo.com\/gl\/wp-json\/wp\/v2\/pages"}],"about":[{"href":"https:\/\/carlostejo.com\/gl\/wp-json\/wp\/v2\/types\/page"}],"author":[{"embeddable":true,"href":"https:\/\/carlostejo.com\/gl\/wp-json\/wp\/v2\/users\/1"}],"replies":[{"embeddable":true,"href":"https:\/\/carlostejo.com\/gl\/wp-json\/wp\/v2\/comments?post=3428"}],"version-history":[{"count":15,"href":"https:\/\/carlostejo.com\/gl\/wp-json\/wp\/v2\/pages\/3428\/revisions"}],"predecessor-version":[{"id":8245,"href":"https:\/\/carlostejo.com\/gl\/wp-json\/wp\/v2\/pages\/3428\/revisions\/8245"}],"wp:attachment":[{"href":"https:\/\/carlostejo.com\/gl\/wp-json\/wp\/v2\/media?parent=3428"}],"curies":[{"name":"wp","href":"https:\/\/api.w.org\/{rel}","templated":true}]}}